{"id":88,"date":"2013-10-06T09:21:56","date_gmt":"2013-10-06T07:21:56","guid":{"rendered":"http:\/\/www.naturpark-kallenborn.de\/wordpress\/?page_id=88"},"modified":"2023-04-30T08:16:30","modified_gmt":"2023-04-30T06:16:30","slug":"kontakt-anfahrt","status":"publish","type":"page","link":"https:\/\/www.naturpark-kallenborn.de\/?page_id=88","title":{"rendered":"Kontakt | Anfahrt"},"content":{"rendered":"        <div class=\"gmwd_container_wrapper\">            <div class=\"gmwd_container\">                <div id=\"gmwd_container_1\">                    <script>                        if(typeof gmwdmapData == 'undefined'){                            var gmwdmapData = [];                         }                                                                gmwdmapData[\"widget\" + '1'] = \"\";                                           gmwdmapData[\"mapId\" + '1'] = Number(\"1\");                                           gmwdmapData[\"centerLat\" + '1'] = Number(\"49.34845362665683\");                        gmwdmapData[\"centerLng\" + '1'] = Number(\"6.8937372100787115\");\t                        gmwdmapData[\"zoom\" + '1'] = Number(\"15\");                        gmwdmapData[\"mapType\" + '1'] = \"0\";                        gmwdmapData[\"maxZoom\" + '1'] = Number(\"22\");                        gmwdmapData[\"minZoom\" + '1'] = Number(\"2\");                        gmwdmapData[\"mapWhellScrolling\" + '1'] = Number(\"0\") == 1 ? true : false;\t\t\t\t                        gmwdmapData[\"infoWindowOpenOn\" + '1'] = \"click\" ;\t\t\t\t                        gmwdmapData[\"mapDragable\" + '1'] = Number(\"1\") == 1 ? true : false;\t                            gmwdmapData[\"mapDbClickZoom\" + '1'] = Number(\"0\") == 1 ? true : false;\t                                                            gmwdmapData[\"enableZoomControl\" + '1'] = Number(\"1\") == 1 ? true : false;                        gmwdmapData[\"enableMapTypeControl\" + '1'] = Number(\"1\") == 1 ? true : false;\t\t\t                        gmwdmapData[\"mapTypeControlOptions\" + '1'] = {};                                                gmwdmapData[\"enableScaleControl\" + '1'] = Number(\"1\") == 1 ? true : false;                        gmwdmapData[\"enableStreetViewControl\" + '1'] = Number(\"1\") == 1 ? true : false;                        gmwdmapData[\"enableFullscreenControl\" + '1'] = Number(\"0\") == 1 ? true : false;                        gmwdmapData[\"enableRotateControl\" + '1'] = Number(\"1\") == 1 ? true : false;                        gmwdmapData[\"mapTypeControlPosition\" + '1'] = Number(\"0\");                                                gmwdmapData[\"zoomControlPosition\" + '1'] = Number(\"0\");                        gmwdmapData[\"streetViewControlPosition\" + '1'] = Number(\"0\");                                                gmwdmapData[\"fullscreenControlPosition\" + '1'] = Number(\"0\");                                                gmwdmapData[\"mapTypeControlStyle\" + '1'] = Number(\"0\");\t\t\t\t                        gmwdmapData[\"mapBorderRadius\" + '1'] = \"\";                        gmwdmapData[\"enableBykeLayer\" + '1'] =  Number(\"0\");\t                        gmwdmapData[\"enableTrafficLayer\" + '1'] =  Number(\"0\");\t\t\t\t                        gmwdmapData[\"enableTransitLayer\" + '1'] =  Number(\"0\");\t                        gmwdmapData[\"geoRSSURL\" + '1'] = \"\";\t                        gmwdmapData[\"KMLURL\" + '1'] = \"\";\t                        gmwdmapData[\"fusionTableId\" + '1'] = '';\t                                        gmwdmapData[\"mapTheme\" + '1'] = '';\t\t\t                        gmwdmapData[\"mapMarkers\" + '1'] = JSON.parse('{\"8\":{\"id\":\"8\",\"map_id\":\"1\",\"lat\":\"49.34914756749115\",\"lng\":\"6.892703892590362\",\"category\":\"0\",\"title\":\"Anfahrt\",\"address\":\"Obersalbach-Kurhof, 66265 Heusweiler, Deutschland\",\"animation\":\"BOUNCE\",\"enable_info_window\":\"1\",\"info_window_open\":\"0\",\"marker_size\":\"32\",\"custom_marker_url\":\"\",\"choose_marker_icon\":\"1\",\"description\":\"\",\"link_url\":\"\",\"pic_url\":\"\",\"published\":\"1\"}}');                        gmwdmapData[\"mapPolygons\" + '1'] =  JSON.parse('{\"1\":{\"id\":\"1\",\"map_id\":\"1\",\"title\":\"Polygon 1\",\"link\":\"\",\"line_width\":\"2\",\"line_color\":\"0B0833\",\"line_opacity\":\"0.8\",\"fill_color\":\"7AF6FF\",\"fill_opacity\":\"0.3\",\"line_color_hover\":\"000000\",\"line_opacity_hover\":\"0.9\",\"fill_color_hover\":\"FF0000\",\"fill_opacity_hover\":\"0.4\",\"data\":\"(48.28502057399577, -117.59765625),(37.51190453731693, -116.01562000000001),(37.37233994582321, -106.87499999999994),(50.3472131272189, -106.34764874999001),\",\"show_markers\":\"1\",\"enable_info_windows\":\"0\",\"published\":\"1\"},\"2\":{\"id\":\"2\",\"map_id\":\"1\",\"title\":\"Polygon 2\",\"link\":\"\",\"line_width\":\"4\",\"line_color\":\"072908\",\"line_opacity\":\"0.8\",\"fill_color\":\"87FF1F\",\"fill_opacity\":\"0.3\",\"line_color_hover\":\"000000\",\"line_opacity_hover\":\"0.9\",\"fill_color_hover\":\"FF0000\",\"fill_opacity_hover\":\"0.4\",\"data\":\"(48.750756296177386, 8.96484375),(61.649466740560335, 26.19140625),(47.22143353240337, 42.714843700000074),\",\"show_markers\":\"0\",\"enable_info_windows\":\"0\",\"published\":\"1\"}}');                        gmwdmapData[\"mapPolylines\" + '1'] = JSON.parse('{\"1\":{\"id\":\"1\",\"map_id\":\"1\",\"title\":\"Polyline\",\"line_width\":\"3\",\"line_color\":\"0C5413\",\"line_opacity\":\"0.8\",\"line_color_hover\":\"000000\",\"line_opacity_hover\":\"0.9\",\"data\":\"(-28.84226783718747, 17.40234375),(-18.393623895475326, 27.7734375),(-8.83893716666915, 34.27734375),(2.3751129338801293, 35.859375),(11.784014005457768, 33.3984375),(19.06471383653978, 25.48828125),\",\"show_markers\":\"0\",\"enable_info_windows\":\"0\",\"published\":\"1\"}}');                                                gmwdmapData[\"enableCategoryFilter\" + '1'] = \"0\";                                                gmwdmapData[\"enableDirections\" + '1'] = \"0\";                        gmwdmapData[\"enableStoreLocatior\" + '1'] = \"0\";                        gmwdmapData[\"storeLocatorDistanceIn\" + '1'] = \"km\";                                                gmwdmapData[\"storeLocatorStrokeWidth\" + '1'] = Number(\"2\");                        gmwdmapData[\"storeLocatorFillColor\" + '1'] = \"#\" + \"7FDF16\";                        gmwdmapData[\"storeLocatorFillOpacity\" + '1'] = Number(\"0.3\");                        gmwdmapData[\"storeLocatorLineColor\" + '1'] = \"#\" + \"000\";                        gmwdmapData[\"storeLocatorLineOpacity\" + '1'] = Number(\"0.6\");                                                gmwdmapData[\"markerListingType\" + '1'] = \"0\";                        gmwdmapData[\"markerListInsideMap\" + '1'] = \"0\";                        gmwdmapData[\"markerListPosition\" + '1'] = Number(\"0\");                        gmwdmapData[\"infoWindowInfo\" + '1'] = \"title,address,desc,pic\";                        gmwdmapData[\"advancedInfoWindowPosition\" + '1'] = Number(\"10\");                        gmwdmapData[\"geolocateUser\" + '1'] = Number(\"0\");                        gmwdmapData[\"items\" + '1'] = \"3\";                                                gmwdmapData[\"enableSerchBox\" + '1'] = \"0\";                        gmwdmapData[\"serchBoxPosition\" + '1'] = Number(\"3\");                                                gmwdmapData[\"allMarkers\" + '1'] = [];                               gmwdmapData[\"allPolygons\" + '1'] = [];                        gmwdmapData[\"allPolygonMarkers\" + '1'] = [];                        gmwdmapData[\"allPolylines\" + '1'] = [];                        gmwdmapData[\"allPolylineMarkers\" + '1'] = [];                        gmwdmapData[\"infoWindows\" + '1'] = [];                        gmwdmapData[\"ajaxData\" + '1']  = {};                                                var ajaxURL = \"https:\/\/www.naturpark-kallenborn.de\/wp-admin\/admin-ajax.php\";                        var markerDefaultIcon = \"\";                        var GMWD_URL = \"https:\/\/www.naturpark-kallenborn.de\/wp-content\/plugins\/wd-google-maps\";                        jQuery( document ).ready(function() {\t\t\t\t\t                            gmwdInitMainMap(\"wd-map1\",false, '1');                            gmwdReadyFunction('1');                        });                    <\/script>                                        <div class=\"wd-clear\">                        <div id=\"wd-map1\" class=\"wd-row \" style=\" height:300px; width:100%\"><\/div>                    <\/div>                                                                <\/div>            <\/div>\t\t<\/div>\t\t\n<p><strong><span style=\"color: #003300;\">Verein zur F\u00f6rderung der Naherholung<\/span><\/strong><br \/>\n<strong><span style=\"color: #003300;\">und des Naturschutzes Obersalbach e.V.<\/span><\/strong><\/p>\n<p><span style=\"color: #003300;\"><strong>Postadresse:<\/strong><\/span><br \/>\n-Gesch\u00e4ftsstelle-<br \/>\nIllinger Stra\u00dfe 34<br \/>\n66265 Heusweiler<br \/>\n<strong><span style=\"color: #003300;\"><br \/>\nNaturpark und Haus Kallenborn<\/span><\/strong><b><span style=\"font-family: Verdana; color: #003300; font-size: medium;\"><br \/>\n<\/span><\/b>Zum Kallenborn<br \/>\n66265 Heusweiler \/ Obersalbach-Kurhof<br \/>\nTelefon: 06806-9531081<b><span style=\"font-family: Verdana; color: #003300; font-size: medium;\"><br \/>\n<\/span><\/b><b><\/b><span style=\"font-family: Verdana; font-size: small;\"><b><span style=\"color: #003300;\">Bitte die Parkpl\u00e4tze in der Ortsmitte benutzen!<\/span><\/b><\/span><\/p>\n<p>Besuchen Sie uns auf unseren Sozial Media Kan\u00e4len, um immer die neuesten Informationen zu erhalten:<\/p>\n<p>Instagram: @naturpark_kallenborn<\/p>\n<p>Facebook: Naturpark Kallenborn<\/p>\n","protected":false},"excerpt":{"rendered":"<p>Verein zur F\u00f6rderung der Naherholung und des Naturschutzes Obersalbach e.V. Postadresse: -Gesch\u00e4ftsstelle- Illinger Stra\u00dfe 34 66265 Heusweiler Naturpark und Haus Kallenborn Zum Kallenborn 66265 Heusweiler \/ Obersalbach-Kurhof Telefon: 06806-9531081 Bitte die Parkpl\u00e4tze in der Ortsmitte benutzen! Besuchen Sie uns auf unseren Sozial Media Kan\u00e4len, um immer die neuesten Informationen zu erhalten: Instagram: @naturpark_kallenborn Facebook: Naturpark [&hellip;]<\/p>\n","protected":false},"author":1,"featured_media":0,"parent":0,"menu_order":0,"comment_status":"closed","ping_status":"closed","template":"","meta":[],"_links":{"self":[{"href":"https:\/\/www.naturpark-kallenborn.de\/index.php?rest_route=\/wp\/v2\/pages\/88"}],"collection":[{"href":"https:\/\/www.naturpark-kallenborn.de\/index.php?rest_route=\/wp\/v2\/pages"}],"about":[{"href":"https:\/\/www.naturpark-kallenborn.de\/index.php?rest_route=\/wp\/v2\/types\/page"}],"author":[{"embeddable":true,"href":"https:\/\/www.naturpark-kallenborn.de\/index.php?rest_route=\/wp\/v2\/users\/1"}],"replies":[{"embeddable":true,"href":"https:\/\/www.naturpark-kallenborn.de\/index.php?rest_route=%2Fwp%2Fv2%2Fcomments&post=88"}],"version-history":[{"count":24,"href":"https:\/\/www.naturpark-kallenborn.de\/index.php?rest_route=\/wp\/v2\/pages\/88\/revisions"}],"predecessor-version":[{"id":828,"href":"https:\/\/www.naturpark-kallenborn.de\/index.php?rest_route=\/wp\/v2\/pages\/88\/revisions\/828"}],"wp:attachment":[{"href":"https:\/\/www.naturpark-kallenborn.de\/index.php?rest_route=%2Fwp%2Fv2%2Fmedia&parent=88"}],"curies":[{"name":"wp","href":"https:\/\/api.w.org\/{rel}","templated":true}]}}